{"id":97,"date":"2013-02-04T13:01:25","date_gmt":"2013-02-04T21:01:25","guid":{"rendered":"http:\/\/newwww.hmc.edu\/research-and-experiential-learning\/?page_id=97"},"modified":"2023-09-22T08:28:24","modified_gmt":"2023-09-22T15:28:24","slug":"summer-research","status":"publish","type":"page","link":"https:\/\/www.hmc.edu\/research\/student-research-opportunities\/summer-research\/","title":{"rendered":"Summer Research at Harvey Mudd"},"content":{"rendered":"\n<p>Harvey Mudd College&#8217;s Summer Undergraduate Research Program engages&nbsp;students in 10 weeks of full-time research. Each summer, close to 200 Harvey Mudd students pursue research projects alongside nearly 40 faculty&nbsp;members across every department of the College.<\/p>\n\n\n\n<p>In the Krauss Lab, student researchers are studying tribology (the study of friction, wear and lubrication) and testing surfaces with thin, hard coatings to design less abrasive coatings with improved wear characteristics. Over in the lab of computer science Professor Christopher Stone, researchers are working on a software system that \u201clogic checks\u201d (PDF) the correctness of mathematical proofs written in the stylized English of mathematical textbooks, papers and monographs. <a href=\"https:\/\/www.hmc.edu\/hsa\/faculty-staff\/isabel-balseiro\/\">Isabel Balseiro<\/a>, the Alexander and Adelaide Hixon Professor of Humanities Professor of Comparative Literature, is conducting archival research to track down and reproduce the recorded poetry readings of unpublished Spanish poet Mar\u00eda Juana Acu\u00f1a V\u00e1zquez, who overcame educational and economic hurdles to develop a unique poetic voice that chronicles 20th-century Spanish life.<\/p>\n\n\n\n<p>The videos below&nbsp;highlight some recent summer research projects undertaken by Harvey Mudd students.<\/p>\n\n\n<div id=\"\" class=\"mudd-youtube-playlist\">\n\t\t<figure id=\"mudd-video\" class=\"wp-block-embed is-type-video is-provider-youtube wp-block-embed-youtube wp-embed-aspect-16-9 wp-has-aspect-ratio\">\n\t\t\t<div class=\"wp-block-embed__wrapper\">\n\t\t\t\t<iframe loading=\"lazy\" aria-live=\"polite\" title=\"Opportunities Abound- Research at Harvey Mudd\" width=\"500\" height=\"281\" src=\"https:\/\/www.youtube.com\/embed\/XkmhuKQ6vBk?wmode=transparent&amp;rel=0&amp;feature=oembed&amp;enablejsapi=1&amp;origin=https%3A%2F%2Fwww.hmc.edu\" frameborder=\"0\" allow=\"accelerometer; autoplay; clipboard-write; encrypted-media; gyroscope; picture-in-picture; web-share\" allowfullscreen=\"\" data-gtm-yt-inspected-8=\"true\" id=\"XkmhuKQ6vBk\" data-gtm-yt-inspected-511735_92=\"true\"><\/iframe>\n\t\t\t<\/div>\n\t\t\t<figcaption class=\"wp-element-caption\">Opportunities Abound- Research at Harvey Mudd<\/figcaption>\n\t\t<\/figure>\n<ul class=\"mudd-youtube-playlist-thumbnails\"><li class=\"mudd-youtube-playlist-thumbnails-item\"><a aria-label=\"Watch video: Opportunities Abound- Research at Harvey Mudd\" href=\"\/\/www.youtube.com\/watch?v=XkmhuKQ6vBk\" data-vid-id=\"XkmhuKQ6vBk\"><span style=\"background-image: url(https:\/\/i.ytimg.com\/vi\/XkmhuKQ6vBk\/maxresdefault.jpg);\"><\/span>Opportunities Abound- Research at Harvey Mudd<\/a><\/li><li class=\"mudd-youtube-playlist-thumbnails-item\"><a aria-label=\"Watch video: The Making of the Social Rules Project\" href=\"\/\/www.youtube.com\/watch?v=JmBbjfcFHac\" data-vid-id=\"JmBbjfcFHac\"><span style=\"background-image: url(https:\/\/i.ytimg.com\/vi\/JmBbjfcFHac\/maxresdefault.jpg);\"><\/span>The Making of the Social Rules Project<\/a><\/li><li class=\"mudd-youtube-playlist-thumbnails-item\"><a aria-label=\"Watch video: Biology: hands-on and interdisciplinary\" href=\"\/\/www.youtube.com\/watch?v=60xYuVGSCCM\" data-vid-id=\"60xYuVGSCCM\"><span style=\"background-image: url(https:\/\/i.ytimg.com\/vi\/60xYuVGSCCM\/maxresdefault.jpg);\"><\/span>Biology: hands-on and interdisciplinary<\/a><\/li><li class=\"mudd-youtube-playlist-thumbnails-item\"><a aria-label=\"Watch video: Chemistry: challenging coursework, hands-on experience\" href=\"\/\/www.youtube.com\/watch?v=KPGY1XIcELA\" data-vid-id=\"KPGY1XIcELA\"><span style=\"background-image: url(https:\/\/i.ytimg.com\/vi\/KPGY1XIcELA\/maxresdefault.jpg);\"><\/span>Chemistry: challenging coursework, hands-on experience<\/a><\/li><li class=\"mudd-youtube-playlist-thumbnails-item\"><a aria-label=\"Watch video: Engineering:  Chris Clark&#039;s lab\" href=\"\/\/www.youtube.com\/watch?v=0dyaHYJmqRo\" data-vid-id=\"0dyaHYJmqRo\"><span style=\"background-image: url(https:\/\/i.ytimg.com\/vi\/0dyaHYJmqRo\/maxresdefault.jpg);\"><\/span>Engineering:  Chris Clark&#039;s lab<\/a><\/li><li class=\"mudd-youtube-playlist-thumbnails-item\"><a aria-label=\"Watch video: Crystal Clear:  Sharon Gerbode&#039;s lab\" href=\"\/\/www.youtube.com\/watch?v=UoxQUg2PepE\" data-vid-id=\"UoxQUg2PepE\"><span style=\"background-image: url(https:\/\/i.ytimg.com\/vi\/UoxQUg2PepE\/maxresdefault.jpg);\"><\/span>Crystal Clear:  Sharon Gerbode&#039;s lab<\/a><\/li><li class=\"mudd-youtube-playlist-thumbnails-item\"><a aria-label=\"Watch video: Small Material, Big Impact\" href=\"\/\/www.youtube.com\/watch?v=N8wVleKfBqo\" data-vid-id=\"N8wVleKfBqo\"><span style=\"background-image: url(https:\/\/i.ytimg.com\/vi\/N8wVleKfBqo\/maxresdefault.jpg);\"><\/span>Small Material, Big Impact<\/a><\/li><li class=\"mudd-youtube-playlist-thumbnails-item\"><a aria-label=\"Watch video: Studying the Science and Social Context of AIDS\" href=\"\/\/www.youtube.com\/watch?v=6tSgxwSLJGU\" data-vid-id=\"6tSgxwSLJGU\"><span style=\"background-image: url(https:\/\/i.ytimg.com\/vi\/6tSgxwSLJGU\/maxresdefault.jpg);\"><\/span>Studying the Science and Social Context of AIDS<\/a><\/li><\/ul><p class=\"mudd-youtube-playlist-more-button\"><a class=\"mudd-more-button\" href=\"https:\/\/www.youtube.com\/playlist?list=PLee4zWyLfi9uzUh_bDLrZLf6CMPPVDlY2\"><span>Watch playlist on YouTube<\/span><\/a><\/p><\/div>","protected":false},"excerpt":{"rendered":"<p>Harvey Mudd College&#8217;s Summer Undergraduate Research Program engages&nbsp;students in 10 weeks of full-time research. Each summer, close to 200 Harvey [&hellip;]<\/p>\n","protected":false},"author":1,"featured_media":0,"parent":737,"menu_order":0,"comment_status":"closed","ping_status":"open","template":"","meta":{"_acf_changed":false,"footnotes":""},"class_list":["post-97","page","type-page","status-publish","hentry"],"acf":[],"_links":{"self":[{"href":"https:\/\/www.hmc.edu\/research\/wp-json\/wp\/v2\/pages\/97","targetHints":{"allow":["GET"]}}],"collection":[{"href":"https:\/\/www.hmc.edu\/research\/wp-json\/wp\/v2\/pages"}],"about":[{"href":"https:\/\/www.hmc.edu\/research\/wp-json\/wp\/v2\/types\/page"}],"author":[{"embeddable":true,"href":"https:\/\/www.hmc.edu\/research\/wp-json\/wp\/v2\/users\/1"}],"replies":[{"embeddable":true,"href":"https:\/\/www.hmc.edu\/research\/wp-json\/wp\/v2\/comments?post=97"}],"version-history":[{"count":4,"href":"https:\/\/www.hmc.edu\/research\/wp-json\/wp\/v2\/pages\/97\/revisions"}],"predecessor-version":[{"id":2529,"href":"https:\/\/www.hmc.edu\/research\/wp-json\/wp\/v2\/pages\/97\/revisions\/2529"}],"up":[{"embeddable":true,"href":"https:\/\/www.hmc.edu\/research\/wp-json\/wp\/v2\/pages\/737"}],"wp:attachment":[{"href":"https:\/\/www.hmc.edu\/research\/wp-json\/wp\/v2\/media?parent=97"}],"curies":[{"name":"wp","href":"https:\/\/api.w.org\/{rel}","templated":true}]}}