{"id":117,"date":"2013-12-12T11:06:31","date_gmt":"2013-12-12T19:06:31","guid":{"rendered":"http:\/\/www.hmc.edu\/human-resources\/?page_id=117"},"modified":"2026-01-05T10:09:24","modified_gmt":"2026-01-05T18:09:24","slug":"holiday-schedule","status":"publish","type":"page","link":"https:\/\/www.hmc.edu\/human-resources\/benefits\/holiday-schedule\/","title":{"rendered":"Holiday Schedule &amp; Campus Closures"},"content":{"rendered":"\n<p>Harvey Mudd College observes the following paid holidays for eligible employees.<br>When a holiday falls on a Saturday, it will normally be observed on the preceding Friday. When a holiday falls on a Sunday, it is normally observed on the following Monday.<\/p>\n\n\n\n<p>Harvey Mudd College observa los siguientes d\u00edas festivos pagados para los empleados elegibles.<br>Cuando un d\u00eda festivo cae en s\u00e1bado, normalmente se observar\u00e1 el viernes anterior. Cuando un d\u00eda festivo cae en domingo, normalmente se observa el lunes siguiente.<\/p>\n\n\n\n<h2 class=\"wp-block-heading\">2026<\/h2>\n\n\n\n<p>When a holiday falls on a Saturday, it is observed on the preceding Friday. When the holiday falls on a Sunday, it is observed on the following Monday.<\/p>\n\n\n\n<figure class=\"wp-block-table\"><table class=\"has-fixed-layout\"><thead><tr><th>Holiday<\/th><th>Date<\/th><th>D\u00eda Festivo<\/th><th>Fecha<\/th><\/tr><\/thead><tbody><tr><td>New Year\u2019s Day<\/td><td>Thursday, January 1<\/td><td>D\u00eda de A\u00f1o Nuevo<\/td><td>jueves, 1 de enero<\/td><\/tr><tr><td>Martin Luther King, Jr. Day<\/td><td>Monday, January 19<\/td><td>D\u00eda de Martin Luther King, Jr.<\/td><td>lunes, 19 de enero<\/td><\/tr><tr><td>C\u00e9sar Ch\u00e1vez Day<br>(observed at HMC in accordance with the academic calendar, announced on an annual basis)<\/td><td>Friday, March 27<\/td><td>D\u00eda de C\u00e9sar Ch\u00e1vez<br>(observado en HMC de acuerdo con el calendario acad\u00e9mico, anunciado anualmente)<\/td><td>viernes, 27 de marzo<\/td><\/tr><tr><td>Memorial Day<\/td><td>Monday, May 25<\/td><td>D\u00eda de los Ca\u00eddos<\/td><td>lunes, 25 de mayo<\/td><\/tr><tr><td>Juneteenth<\/td><td>Friday, June 19\u2002<\/td><td>Emancipaci\u00f3n de la Esclavitud (Juneteenth)<\/td><td>viernes, 19 de junio<\/td><\/tr><tr><td>Independence Day<\/td><td>Friday, July 3<\/td><td>D\u00eda de la Independencia<\/td><td>viernes, 3 de julio<\/td><\/tr><tr><td>Labor Day<\/td><td>Monday, September 7<\/td><td>D\u00eda del Trabajo<\/td><td>lunes, 7 de septiembre<\/td><\/tr><tr><td>Thanksgiving Day<\/td><td>Thursday, November 26<\/td><td>D\u00eda de Acci\u00f3n de Gracias<\/td><td>jueves, 26 de noviembre<\/td><\/tr><tr><td>Day After Thanksgiving<\/td><td>Friday, November 27<\/td><td>D\u00eda Despu\u00e9s de Acci\u00f3n de Gracias<\/td><td>viernes, 27 de noviembre<\/td><\/tr><tr><td>Christmas Eve<\/td><td>Thursday, December&nbsp;24\u2002<\/td><td>Noche Buena<\/td><td>jueves, 24 de diciembre<\/td><\/tr><tr><td>Christmas Day<\/td><td>Friday, December 25<\/td><td>Navidad<\/td><td>viernes, 25 de diciembre<\/td><\/tr><\/tbody><\/table><figcaption class=\"wp-element-caption\">Observed Holidays \/ D\u00edas Festivos<\/figcaption><\/figure>\n","protected":false},"excerpt":{"rendered":"<p>Harvey Mudd College observes the following paid holidays for eligible employees.When a holiday falls on a Saturday, it will normally [&hellip;]<\/p>\n","protected":false},"author":277,"featured_media":0,"parent":7,"menu_order":0,"comment_status":"closed","ping_status":"open","template":"","meta":{"_acf_changed":false,"footnotes":""},"class_list":["post-117","page","type-page","status-publish","hentry"],"acf":[],"_links":{"self":[{"href":"https:\/\/www.hmc.edu\/human-resources\/wp-json\/wp\/v2\/pages\/117","targetHints":{"allow":["GET"]}}],"collection":[{"href":"https:\/\/www.hmc.edu\/human-resources\/wp-json\/wp\/v2\/pages"}],"about":[{"href":"https:\/\/www.hmc.edu\/human-resources\/wp-json\/wp\/v2\/types\/page"}],"author":[{"embeddable":true,"href":"https:\/\/www.hmc.edu\/human-resources\/wp-json\/wp\/v2\/users\/277"}],"replies":[{"embeddable":true,"href":"https:\/\/www.hmc.edu\/human-resources\/wp-json\/wp\/v2\/comments?post=117"}],"version-history":[{"count":30,"href":"https:\/\/www.hmc.edu\/human-resources\/wp-json\/wp\/v2\/pages\/117\/revisions"}],"predecessor-version":[{"id":6031,"href":"https:\/\/www.hmc.edu\/human-resources\/wp-json\/wp\/v2\/pages\/117\/revisions\/6031"}],"up":[{"embeddable":true,"href":"https:\/\/www.hmc.edu\/human-resources\/wp-json\/wp\/v2\/pages\/7"}],"wp:attachment":[{"href":"https:\/\/www.hmc.edu\/human-resources\/wp-json\/wp\/v2\/media?parent=117"}],"curies":[{"name":"wp","href":"https:\/\/api.w.org\/{rel}","templated":true}]}}