{"id":50,"date":"2013-12-13T13:25:15","date_gmt":"2013-12-13T21:25:15","guid":{"rendered":"http:\/\/www.hmc.edu\/hsa\/?page_id=50"},"modified":"2024-03-26T15:57:52","modified_gmt":"2024-03-26T22:57:52","slug":"scholarly-activity","status":"publish","type":"page","link":"https:\/\/www.hmc.edu\/hsa\/faculty-staff\/balseiro\/scholarly-activity\/","title":{"rendered":"Scholarly Activity of Isabel Balseiro"},"content":{"rendered":"\n<h2 class=\"wp-block-heading\">Books<\/h2>\n\n\n\n<figure class=\"wp-block-image is-style-alignleft\"><img loading=\"lazy\" decoding=\"async\" width=\"160\" height=\"241\" src=\"https:\/\/www.hmc.edu\/hsa\/wp-content\/uploads\/sites\/25\/2020\/08\/running.jpg\" alt=\"Book cover\" class=\"wp-image-1986\"\/><\/figure>\n\n\n\n<figure class=\"wp-block-image is-style-alignleft\"><img loading=\"lazy\" decoding=\"async\" width=\"159\" height=\"241\" src=\"https:\/\/www.hmc.edu\/hsa\/wp-content\/uploads\/sites\/25\/2020\/08\/change-reel.jpg\" alt=\"book cover\" class=\"wp-image-1987\"\/><\/figure>\n\n\n\n<figure class=\"wp-block-image is-style-alignleft\"><img loading=\"lazy\" decoding=\"async\" width=\"160\" height=\"245\" src=\"https:\/\/www.hmc.edu\/hsa\/wp-content\/uploads\/sites\/25\/2013\/12\/IsabelBalseiro-SouthAfrica-Book.jpg\" alt=\"\" class=\"wp-image-64\"\/><\/figure>\n\n\n\n<figure class=\"wp-block-image is-style-alignleft\"><img loading=\"lazy\" decoding=\"async\" width=\"190\" height=\"300\" src=\"https:\/\/www.hmc.edu\/hsa\/wp-content\/uploads\/sites\/25\/2020\/07\/Acuna-190x300.jpg\" alt=\"Balseiro book cover\" class=\"wp-image-1958\" srcset=\"https:\/\/www.hmc.edu\/hsa\/wp-content\/uploads\/sites\/25\/2020\/07\/Acuna-190x300.jpg 190w, https:\/\/www.hmc.edu\/hsa\/wp-content\/uploads\/sites\/25\/2020\/07\/Acuna-649x1024.jpg 649w, https:\/\/www.hmc.edu\/hsa\/wp-content\/uploads\/sites\/25\/2020\/07\/Acuna-768x1212.jpg 768w, https:\/\/www.hmc.edu\/hsa\/wp-content\/uploads\/sites\/25\/2020\/07\/Acuna.jpg 800w\" sizes=\"auto, (max-width: 190px) 100vw, 190px\" \/><\/figure>\n\n\n\n<figure class=\"wp-block-image\"><img loading=\"lazy\" decoding=\"async\" width=\"200\" height=\"300\" src=\"https:\/\/www.hmc.edu\/hsa\/wp-content\/uploads\/sites\/25\/2020\/09\/passport-book-cover-200x300.jpg\" alt=\"Book cover of The Passport That Does Not Pass Ports\" class=\"wp-image-2027\" srcset=\"https:\/\/www.hmc.edu\/hsa\/wp-content\/uploads\/sites\/25\/2020\/09\/passport-book-cover-200x300.jpg 200w, https:\/\/www.hmc.edu\/hsa\/wp-content\/uploads\/sites\/25\/2020\/09\/passport-book-cover.jpg 655w\" sizes=\"auto, (max-width: 200px) 100vw, 200px\" \/><\/figure>\n\n\n\n<h2 class=\"wp-block-heading clear\"><strong>Book Chapter<\/strong><\/h2>\n\n\n\n<p>\u201cGender Identity and the Reconstruction of the Self.\u201d <em>Twentieth Century Criticism Literature on A Question of Power<\/em>, edited by Lawrence Trudeau, Layman Publishing Group. (forthcoming)<\/p>\n\n\n\n<h2 class=\"wp-block-heading\"><strong>Book Preface<\/strong><\/h2>\n\n\n\n<p>Preface. <a href=\"https:\/\/www.chrflagship.uwc.ac.za\/the-book-of-the-missing\/\"><em>Book of the Missing,<\/em> by Heidi Grunebaum<\/a>, Praxis Magazine Online, p. 1. (2019)<\/p>\n\n\n\n<h2 class=\"wp-block-heading\">Journal Articles<\/h2>\n\n\n\n<p>Balseiro, Isabel, et al. \u201cAdjuncts in Higher Education in the United States<em>.\u201d Education<\/em>, 21 Jan. 2016. <em>Oxford Bibliographies: Education<\/em>, doi:10.1093\/OBO\/9780199756810-0136<\/p>\n\n\n\n<p><a href=\"http:\/\/screen.oxfordjournals.org\/cgi\/content\/abstract\/48\/4\/443\">\u201cExile and Longing in&nbsp;<em>Abderrahmane Sissako&#8217;s La Vie sur terre<\/em>\u201d<\/a>,&nbsp;<em>Screen,<\/em>&nbsp;Volume 48, Number 4 (2007): 443-461<\/p>\n\n\n\n<h2 class=\"wp-block-heading\"><strong>Translations<\/strong><\/h2>\n\n\n\n<p>\u201cSouthbound: leaving Chicago by Greyhound.\u201d <em>HERM\u0112NEUS: Journal of Translation and Interpreting<\/em>, by Rustum Kozain, vol. 18, no. 1, pp. 398-402. (2016)<\/p>\n\n\n\n<p>\u201cFor W.\u201d <em>HERM\u0112NEUS: Journal of Translation and Interpreting<\/em>, by Rustum Kozain, vol. 18, no. 1, pp. 403-406. (2016)<\/p>\n\n\n\n<p>\u201cFebruary Moon: Cape Town.\u201d <em>HERM\u0112NEUS: Journal of Translation and Interpreting<\/em>, by Rustum Kozain, vol. 18, no. 1, pp. 407-413. (2016)<\/p>\n\n\n\n<p>\u201cFunk.\u201d <em>HERM\u0112NEUS: Journal of Translation and Interpreting<\/em>, by Rustum Kozain, vol. 18, no. 1, pp. 413-415. (2016)<\/p>\n\n\n\n<p>\u201cMemory of Revolutions.\u201d <em>HERM\u0112NEUS: Journal of Translation and Interpreting<\/em>, by Rustum Kozain, vol. 18, no. 1, pp. 415-419. (2016)<\/p>\n\n\n\n<h2 class=\"wp-block-heading\">Book Reviews<\/h2>\n\n\n\n<p>Review of <em>La puerta peque\u00f1a<\/em>, by Carlo Fabretti and Patricia Metola. <em>Lazarillo: Revista de la Asociaci\u00f3n Espa\u00f1ola de Amigos del Libro Infantil y Juvenil<\/em>, vol. 33, no. 1, p. 25. (2015)<\/p>\n\n\n\n<p>Review of <em>Tan tarde<\/em>, by Giovanna Zoboli and Camilla Engman. <em>Lazarillo: Revista de la Asociaci\u00f3n Espa\u00f1ola de Amigos del Libro Infantil y Juvenil<\/em>, vol. 33, no. 1, p. 18. (2015)<\/p>\n\n\n\n<figure class=\"wp-block-image alignleft is-style-alignleft\"><a href=\"https:\/\/www.hmc.edu\/hsa\/wp-content\/uploads\/sites\/25\/2013\/12\/en-imperio-de-sentidos.jpg\"><img loading=\"lazy\" decoding=\"async\" width=\"170\" height=\"237\" src=\"https:\/\/www.hmc.edu\/hsa\/wp-content\/uploads\/sites\/25\/2013\/12\/en-imperio-de-sentidos.jpg\" alt=\"Cover of book: En (el) imperio de (los) sentidos\" class=\"wp-image-791\"\/><\/a><figcaption class=\"wp-element-caption\"><em>En (el) imperio de (los) sentidos<\/em>. Daniel Torres. (San Juan: Isla Negra, 2013). <em>El Post-Antillano<\/em>. San Juan, Puerto Rico. (2014)<\/figcaption><\/figure>\n\n\n\n<figure class=\"wp-block-image alignleft is-style-alignleft\"><a href=\"https:\/\/www.hmc.edu\/hsa\/wp-content\/uploads\/sites\/25\/2013\/12\/immigrant-america.jpg\"><img loading=\"lazy\" decoding=\"async\" width=\"186\" height=\"278\" src=\"https:\/\/www.hmc.edu\/hsa\/wp-content\/uploads\/sites\/25\/2013\/12\/immigrant-america.jpg\" alt=\"immigrant-america\" class=\"wp-image-793\"\/><\/a><figcaption class=\"wp-element-caption\"><em>Immigrant America: A Portrait.<\/em> Alejandro Portes and Ruben Rumbaut. (Berkeley: University of California Press, 2006). Reviewed the book for an updated and expanded edition (2014).<\/figcaption><\/figure>\n\n\n\n<figure class=\"wp-block-image alignleft is-style-alignleft\"><a href=\"https:\/\/www.hmc.edu\/hsa\/wp-content\/uploads\/sites\/25\/2013\/12\/cinema-democratic-sa.jpg\"><img loading=\"lazy\" decoding=\"async\" width=\"193\" height=\"288\" src=\"https:\/\/www.hmc.edu\/hsa\/wp-content\/uploads\/sites\/25\/2013\/12\/cinema-democratic-sa.jpg\" alt=\"cinema-democratic-sa\" class=\"wp-image-795\"\/><\/a><figcaption class=\"wp-element-caption\"><em>Cinema in a Democratic South Africa: The Race for Representation<\/em>. Lucia Saks (Bloomington: Indiana University Press, 2010). <em>The International Journal of African Historical Studies<\/em>, volume 44, Number 1 (2011).<\/figcaption><\/figure>\n\n\n\n<h2 class=\"wp-block-heading clear\">Peer Reviewer<\/h2>\n\n\n\n<p><em>African Studies<\/em><\/p>\n\n\n\n<p><em>Black Camera<\/em><\/p>\n\n\n\n<p><em>Feminist Studies<\/em><\/p>\n\n\n\n<p><em>Gestos: Revista de teor\u00eda y teatro hisp\u00e1nico<\/em><\/p>\n\n\n\n<p>Heinemann Press<\/p>\n\n\n\n<p><em>Higher Education Quarterly<\/em><\/p>\n\n\n\n<p><em>International Journal of Intercultural Relationships<\/em><\/p>\n\n\n\n<p><em>Journal of African Cultural Studies<\/em><\/p>\n\n\n\n<p><em>Journal of the Musical Arts in Africa<\/em><\/p>\n\n\n\n<p><em>Men and Masculinities<\/em><\/p>\n\n\n\n<p><em>New Directions in the Humanities Journal Collection<\/em><\/p>\n\n\n\n<p><em>PMLA<\/em><\/p>\n\n\n\n<p>Routledge<\/p>\n\n\n\n<p><em>Screen<\/em><\/p>\n\n\n\n<p>SUNY Press<\/p>\n\n\n\n<p><em>The Arts Collection<\/em><\/p>\n\n\n\n<p><em>The International Journal of the Book<\/em><\/p>\n\n\n\n<p>University of California Press<\/p>\n\n\n\n<p>University of Manchester Press<\/p>\n\n\n\n<h2 class=\"wp-block-heading\">Conference Participation<\/h2>\n\n\n\n<p>\u201cMistress of Her Own Silences: The Transatlantic Poetry of Mar\u00eda Acu\u00f1a.\u201d The Poetics of Memory, Modern Languages Association International Symposium, Lisbon, Portugal. (2019)<\/p>\n\n\n\n<p>\u201cLa edici\u00f3n musical en el siglo XXI en Espa\u00f1a y Portugal.\u201d Encuentro Hispano-Luso de Editores Musicales, Asociaci\u00f3n Espa\u00f1ola de Documentaci\u00f3n Musical, Madrid, Spain. (2016)<\/p>\n\n\n\n<p>\u201cThe Next Wave: Effecting Change Through Applied Women\u2019s Studies.\u201d The Claremont University 15<sup>th<\/sup> Anniversary Celebration, Claremont, CA. (2016)<\/p>\n\n\n\n<p>\u201cSemifictional Representation in Cinema.\u201d SEMIOSFERAS: Congreso internacional sobre cine, literatura, m\u00fasica y artes esc\u00e9nicas, Universidad de Alcal\u00e1, Alcal\u00e1 de Henares, Spain. (2015)<\/p>\n\n\n\n<p>Invited speaker: \u201cDigitizing the Vernacular: Zora Neale Hurton in Digital Humanities.\u201d Bite of Learning Series, Harvey Mudd College, Claremont, CA. (2018)<\/p>\n\n\n\n<h2 class=\"wp-block-heading\">Film Work<\/h2>\n\n\n\n<h3 class=\"wp-block-heading\">Cinema Workshops<\/h3>\n\n\n\n<p>Selected for week-long workshop on painting and cinema with Spanish director V\u00edctor Erice. Talleres de Escritura Fuentetaja, Madrid, Spain. (2018)<\/p>\n\n\n\n<p>Selected for week-long workshop on fiction and documentary film with Spanish director V\u00edctor Erice. Nautilus Films, Madrid, Spain. (2016)<\/p>\n\n\n\n<h3 class=\"wp-block-heading\">Festival Participation<\/h3>\n\n\n\n<p>SANBONANI! Film Festival 2018, Pomona College, Claremont, CA. Participant. (2018)<\/p>\n\n\n\n<p>Maruleng Film Festival\/Limpopo Marula Festival, Limpopo Province, South Africa. International Patron. (2017)<\/p>\n\n\n\n<p>Festival Internacional de Cine de Murcia &#8211; Ibn Arabi International Film Festival (IBAFF), Murcia, Spain. Participant. (2016)<\/p>\n\n\n\n<p>Recent Spanish Cinema, American Cinematheque, Los Angeles, CA. Participant. (2014)<\/p>\n\n\n\n<h3 class=\"wp-block-heading\">Documentary Film<\/h3>\n\n\n\n<figure class=\"wp-block-image alignleft is-style-alignleft\"><a href=\"https:\/\/www.hmc.edu\/hsa\/wp-content\/uploads\/sites\/25\/2013\/12\/SophiatownPoster.jpg\"><img loading=\"lazy\" decoding=\"async\" width=\"150\" height=\"207\" src=\"https:\/\/www.hmc.edu\/hsa\/wp-content\/uploads\/sites\/25\/2013\/12\/SophiatownPoster.jpg\" alt=\"Cover of book: An American in Sophiatown\" class=\"wp-image-53\"\/><\/a><\/figure>\n\n\n\n<p> Featured in Lloyd Ross&#8217;s documentary&nbsp;<em>An American in Sophiatown<\/em>&nbsp;(2007) as film historian. Wrote inter-titles for the film that serve to contextualize the history of apartheid for an international audience. The documentary premiered at the American Film Institute International Film Festival in Dallas in March 2007. It was also screened at the Bologna Film Festival, Italy, in the summer of 2007.&nbsp;<em>An American in Sophiatown<\/em>&nbsp;is to be included in the release of the newly restored DVD version of Lionel Rogosin\u2019s&nbsp;<em>Come Back Africa<\/em>(forthcoming).<\/p>\n\n\n\n<h3 class=\"wp-block-heading clear\">Script Consultant<\/h3>\n\n\n\n<p>\u201cThe Village under the Forest,\u201d full-length documentary film by Mark Kaplan and Heidi Grunebaum (2014). Audience Award, ENCOUNTERS South African Documentary Film Festival, 2013, and Official Selection TRI CONTINENTAL Human Rights Film Fesival, 2013.<\/p>\n\n\n\n<figure class=\"wp-block-image\"><a href=\"https:\/\/www.hmc.edu\/hsa\/wp-content\/uploads\/sites\/25\/2013\/12\/village-under-forest.jpg\"><img loading=\"lazy\" decoding=\"async\" width=\"432\" height=\"243\" src=\"https:\/\/www.hmc.edu\/hsa\/wp-content\/uploads\/sites\/25\/2013\/12\/village-under-forest.jpg\" alt=\"village-under-forest\" class=\"wp-image-796\" srcset=\"https:\/\/www.hmc.edu\/hsa\/wp-content\/uploads\/sites\/25\/2013\/12\/village-under-forest.jpg 432w, https:\/\/www.hmc.edu\/hsa\/wp-content\/uploads\/sites\/25\/2013\/12\/village-under-forest-300x168.jpg 300w\" sizes=\"auto, (max-width: 432px) 100vw, 432px\" \/><\/a><\/figure>\n\n\n\n<h3 class=\"wp-block-heading clear\">Voiceover<\/h3>\n\n\n\n<figure class=\"wp-block-image alignleft is-style-alignleft\"><a href=\"https:\/\/www.hmc.edu\/hsa\/wp-content\/uploads\/sites\/25\/2013\/12\/primate-cinema.jpg\"><img loading=\"lazy\" decoding=\"async\" width=\"293\" height=\"378\" src=\"https:\/\/www.hmc.edu\/hsa\/wp-content\/uploads\/sites\/25\/2013\/12\/primate-cinema.jpg\" alt=\"primate-cinema\" class=\"wp-image-799\" srcset=\"https:\/\/www.hmc.edu\/hsa\/wp-content\/uploads\/sites\/25\/2013\/12\/primate-cinema.jpg 293w, https:\/\/www.hmc.edu\/hsa\/wp-content\/uploads\/sites\/25\/2013\/12\/primate-cinema-232x300.jpg 232w\" sizes=\"auto, (max-width: 293px) 100vw, 293px\" \/><\/a><\/figure>\n\n\n\n<p>Voiceover narration for \u201cPrimate Cinema: Apes as Family,\u201d by Rachel Mayeri. Experimental film screened at Nottingham Contemporary, 2011, The Arts Catalyst, London, 2011, AND Festival, Liverpool, 2011, Prix Ars Electronica, Austria, 2011, Imagine Science Film Festival, 2012, Sundance Film Festival, Utah, 2013 (New Frontier Short Films category), Rockland Shorts: An International Short Film Series, 2013, and Berlinale Film Festival, 2013. Los Angeles premi\u00e8re at Cinefamily, February, 2013.<\/p>\n\n\n\n<h3 class=\"wp-block-heading clear\">Film Market Forum<\/h3>\n\n\n\n<p>In attendance,\u201cMadrid de Cine,\u201d Spanish Film Screenings, Madrid, Spain, 2012. An international television market that aims to offer a platform for the trade in film and television productions in a European context. Filmmakers, producers, distributors, and critics participate in the gathering.<\/p>\n\n\n\n<h2 class=\"wp-block-heading\">International Advisory Board<\/h2>\n\n\n\n<figure class=\"wp-block-image alignleft is-style-alignleft\"><a href=\"https:\/\/www.hmc.edu\/hsa\/wp-content\/uploads\/sites\/25\/2013\/12\/journal-african-cultural-studies.png\"><img loading=\"lazy\" decoding=\"async\" width=\"225\" height=\"283\" src=\"https:\/\/www.hmc.edu\/hsa\/wp-content\/uploads\/sites\/25\/2013\/12\/journal-african-cultural-studies.png\" alt=\"Cover of: Journal of African Cultural Studies\" class=\"wp-image-789\"\/><\/a><\/figure>\n\n\n\n<p><em>Journal of African Cultural Studies<\/em>, School of Oriental and African Studies (SOAS), University of London. (2012-2018)<\/p>\n\n\n\n<h2 class=\"wp-block-heading clear\">International Professional Service<\/h2>\n\n\n\n<p>Research team, \u201cThe Emotional Body: The Cultural, Textual and Traductological Rhetoric of Emotion and Feeling as an Epistemic Source in American Literature by Women,\u201d Universidad Aut\u00f3noma de Madrid.&nbsp;Collaboration with colleagues from CUNY, Rutgers University and University of Bremen. (2020-)<\/p>\n\n\n\n<p>Scholar evaluator, National Research Foundation of South Africa. Also occupied position during 2007-2008. (2013-2014)<\/p>\n\n\n\n<p>International Book Award Selection Committee, Faculty of the Arts, University of the Western Cape. (2013)<\/p>\n\n\n\n<h2 class=\"wp-block-heading\">Photography<\/h2>\n\n\n\n<p>&#8220;Anthropologist at work, Campinas, Brazil.&#8221; In Barbara D. Miller&#8217;s <em>Cultural Anthropology<\/em>. (Pearson, 2013) (7th edition of text with a circulation of up to 40,000; also an e-book).<\/p>\n\n\n\n<p>Front cover photograph for the American Anthropological Association&nbsp;<em>Anthropology News<\/em>, Volume 48, Number 2, February 2007.<\/p>\n\n\n\n<h2 class=\"wp-block-heading\">Archival Research<\/h2>\n\n\n\n<p>Fondo Documental de Radio Televisi\u00f3n Espa\u00f1ola (Spanish Radio and Television National Archive)&nbsp;(2011-)<\/p>\n\n\n\n<p>Centre for African Studies, University of Cape Town, South Africa (1996-2016)<\/p>\n\n\n\n<p>Filmoteca Espa\u00f1ola (National Film Institute) (2012-)<\/p>\n\n\n\n<p>Biblioteca Nacional de Espa\u00f1a (National Library of Spain) (2012-)<\/p>\n\n\n\n<p>Fundaci\u00f3n Francisco Largo Caballero (Francisco Caballero Foundation) (2011)<\/p>\n\n\n\n<p>Centro Documental de la Memoria Hist\u00f3rica (Historical Memory Documentation Center) (2011)<\/p>\n\n\n\n<p>Archivo General de la Guerra Espa\u00f1ola (Spanish Civil War National Archive) (2011)<\/p>\n\n\n\n<p><strong>(1996-2016)<\/strong><\/p>\n\n\n\n<h2 class=\"wp-block-heading\">Research Grants<\/h2>\n\n\n\n<p>Avery Fellowship, Claremont Graduate University. (2020-2021)<\/p>\n\n\n\n<p>Fletcher Jones Summer Research Fellowship, Harvey Mudd College. (2020)<\/p>\n\n\n\n<p>Summer Research Creative Work Award, Harvey Mudd College. (2020)<\/p>\n\n\n\n<p>Mudd European Travel Fund, Harvey Mudd College. Also awarded in 2019. (2020)<\/p>\n\n\n\n<p>Presidential Grant, Harvey Mudd College. (2019)<\/p>\n\n\n\n<p>Mellon Foundation Presidential Leadership Grant for Course Development, Harvey Mudd College. Also awarded in 2016. (2018)<\/p>\n\n\n\n<p>Carnegie Foundation Research Grant in the Humanities Social Sciences and the Arts, Harvey Mudd College. (2018)<\/p>\n\n\n\n<p>Brian Butler \u201989 Faculty Enhancement Fund Research Award, Harvey Mudd College. (2017-2018)<\/p>\n\n\n\n<p>Arnold and Mabel Beckman Foundation Research Award, Harvey Mudd College. Also awarded yearly from 1993 through 2004 and from 2013 through 2016. (2017-2018)<\/p>\n\n\n\n<p>Multi-Campus Teaching Observation Program, Claremont Colleges Center for Teaching and Learning. (2017)<\/p>\n\n\n\n<p>Harvey S. Mudd Memorial Fund, Harvey Mudd College. Also awarded in 1994, 1998, 2000, and 2006. (2016)<\/p>\n\n\n\n<p>HISPANEX Program Grant, Spanish Ministry of Culture. (2015-2016)<\/p>\n\n\n\n<p>Professional Development Networks at the Claremont Colleges, Pomona College. Also awarded in 2014. (2015-2016)<\/p>\n\n\n\n<h2 class=\"wp-block-heading\">Teaching<\/h2>\n\n\n\n<p>Humanities 197: Traditional, Experimental, and Interactive Narratives<\/p>\n\n\n\n<p>Humanities 198: Arundathi Roy: Creative Writer and Political Activist<\/p>\n\n\n\n<p>Writing 1: Writing Matters<\/p>\n\n\n\n<p>Writing 1E: Writing as a Second Language<\/p>\n\n\n\n<p>HSA10 Critical Inquiry: Reading and Writing Race<\/p>\n\n\n\n<p>HSA10 Critical Inquiry: English with an Accent<\/p>\n","protected":false},"excerpt":{"rendered":"<p>Books Book Chapter \u201cGender Identity and the Reconstruction of the Self.\u201d Twentieth Century Criticism Literature on A Question of Power, [&hellip;]<\/p>\n","protected":false},"author":1,"featured_media":0,"parent":45,"menu_order":0,"comment_status":"closed","ping_status":"open","template":"","meta":{"_acf_changed":false,"footnotes":""},"class_list":["post-50","page","type-page","status-publish","hentry"],"acf":[],"_links":{"self":[{"href":"https:\/\/www.hmc.edu\/hsa\/wp-json\/wp\/v2\/pages\/50","targetHints":{"allow":["GET"]}}],"collection":[{"href":"https:\/\/www.hmc.edu\/hsa\/wp-json\/wp\/v2\/pages"}],"about":[{"href":"https:\/\/www.hmc.edu\/hsa\/wp-json\/wp\/v2\/types\/page"}],"author":[{"embeddable":true,"href":"https:\/\/www.hmc.edu\/hsa\/wp-json\/wp\/v2\/users\/1"}],"replies":[{"embeddable":true,"href":"https:\/\/www.hmc.edu\/hsa\/wp-json\/wp\/v2\/comments?post=50"}],"version-history":[{"count":8,"href":"https:\/\/www.hmc.edu\/hsa\/wp-json\/wp\/v2\/pages\/50\/revisions"}],"predecessor-version":[{"id":3047,"href":"https:\/\/www.hmc.edu\/hsa\/wp-json\/wp\/v2\/pages\/50\/revisions\/3047"}],"up":[{"embeddable":true,"href":"https:\/\/www.hmc.edu\/hsa\/wp-json\/wp\/v2\/pages\/45"}],"wp:attachment":[{"href":"https:\/\/www.hmc.edu\/hsa\/wp-json\/wp\/v2\/media?parent=50"}],"curies":[{"name":"wp","href":"https:\/\/api.w.org\/{rel}","templated":true}]}}