{"id":1997,"date":"2024-06-27T16:08:26","date_gmt":"2024-06-27T23:08:26","guid":{"rendered":"https:\/\/www.hmc.edu\/emergency-preparedness\/?page_id=1997"},"modified":"2025-07-21T09:49:59","modified_gmt":"2025-07-21T16:49:59","slug":"plan-de-prevencion-de-la-violencia-en-el-lugar-de-trabajo","status":"publish","type":"page","link":"https:\/\/www.hmc.edu\/emergency-preparedness\/emergency-preparedness-safety\/plan-de-prevencion-de-la-violencia-en-el-lugar-de-trabajo\/","title":{"rendered":"Plan de Prevenci\u00f3n de la Violencia en el Lugar de Trabajo"},"content":{"rendered":"\n<p>Harvey Mudd College est\u00e1 comprometido a proporcionar un entorno seguro para el trabajo y la educaci\u00f3n. Este Plan de Prevenci\u00f3n de la Violencia en el Lugar de Trabajo (WVPP) aborda los peligros conocidos asociados con los cuatro tipos de violencia en el lugar de trabajo seg\u00fan lo definido por el C\u00f3digo Laboral de California (LC) secci\u00f3n 6401,9.<\/p>\n\n\n\n<p>Este WVPP se aplica a todos los miembros de la facultad, el personal y los empleados estudiantiles del Colegio. Tambi\u00e9n se aplica a terceros (incluidos, pero no limitados a solicitantes, estudiantes, proveedores, voluntarios, clientes, fideicomisarios, miembros de la familia y visitantes) que puedan tener contacto con miembros de la comunidad de HMC en el campus de HMC.<\/p>\n\n\n\n<h2 class=\"wp-block-heading\"><strong>Plan de Prevenci\u00f3n de la Violencia en el Lugar de Trabajo<\/strong><\/h2>\n\n\n\n<p><strong>*requiere credenciales de HMC para acceso<\/strong><\/p>\n\n\n\n<ul class=\"wp-block-list\">\n<li>Para reportar una emergencia en el campus, llame a Seguridad del Campus al <a href=\"tel:+19096072000\" class=\"phone\">909.607.2000<\/a>.<\/li>\n\n\n\n<li><a href=\"https:\/\/docs.google.com\/document\/d\/1RpBg1uWhcSikvcU3MYOUsdIl3kDvNrTGaR1WuC4rzrc\/edit?usp=sharing\">Plan de Prevenci\u00f3n de la Violencia en el Lugar de Trabajo*<\/a><\/li>\n\n\n\n<li><a href=\"https:\/\/hmc.kualibuild.com\/app\/666b3b2dca173e013bbbc004\/run\">Informe de incidente violento en el lugar de trabajo*<\/a><\/li>\n<\/ul>\n","protected":false},"excerpt":{"rendered":"<p>Harvey Mudd College est\u00e1 comprometido a proporcionar un entorno seguro para el trabajo y la educaci\u00f3n. Este Plan de Prevenci\u00f3n [&hellip;]<\/p>\n","protected":false},"author":1,"featured_media":0,"parent":4,"menu_order":0,"comment_status":"closed","ping_status":"closed","template":"","meta":{"_acf_changed":false,"footnotes":""},"class_list":["post-1997","page","type-page","status-publish","hentry"],"acf":[],"_links":{"self":[{"href":"https:\/\/www.hmc.edu\/emergency-preparedness\/wp-json\/wp\/v2\/pages\/1997","targetHints":{"allow":["GET"]}}],"collection":[{"href":"https:\/\/www.hmc.edu\/emergency-preparedness\/wp-json\/wp\/v2\/pages"}],"about":[{"href":"https:\/\/www.hmc.edu\/emergency-preparedness\/wp-json\/wp\/v2\/types\/page"}],"author":[{"embeddable":true,"href":"https:\/\/www.hmc.edu\/emergency-preparedness\/wp-json\/wp\/v2\/users\/1"}],"replies":[{"embeddable":true,"href":"https:\/\/www.hmc.edu\/emergency-preparedness\/wp-json\/wp\/v2\/comments?post=1997"}],"version-history":[{"count":4,"href":"https:\/\/www.hmc.edu\/emergency-preparedness\/wp-json\/wp\/v2\/pages\/1997\/revisions"}],"predecessor-version":[{"id":2119,"href":"https:\/\/www.hmc.edu\/emergency-preparedness\/wp-json\/wp\/v2\/pages\/1997\/revisions\/2119"}],"up":[{"embeddable":true,"href":"https:\/\/www.hmc.edu\/emergency-preparedness\/wp-json\/wp\/v2\/pages\/4"}],"wp:attachment":[{"href":"https:\/\/www.hmc.edu\/emergency-preparedness\/wp-json\/wp\/v2\/media?parent=1997"}],"curies":[{"name":"wp","href":"https:\/\/api.w.org\/{rel}","templated":true}]}}