{"id":620,"date":"2017-01-24T09:46:04","date_gmt":"2017-01-24T17:46:04","guid":{"rendered":"https:\/\/www.hmc.edu\/academics\/?page_id=620"},"modified":"2017-01-24T09:46:04","modified_gmt":"2017-01-24T17:46:04","slug":"2017-hixon-forum-participants","status":"publish","type":"page","link":"https:\/\/www.hmc.edu\/academics\/interdisciplinary-centers\/hixon-forum-for-responsive-science-and-engineering\/2017-hixon-forum\/2017-hixon-forum-participants\/","title":{"rendered":"2017 Hixon Forum Participants"},"content":{"rendered":"\n<p>See the <a href=\"https:\/\/www.hmc.edu\/academics\/2017-hixon-forum\/\">2017 Hixon Forum page<\/a> for schedule and locations of events.<\/p>\n\n\n\n<h2 class=\"wp-block-heading\" id=\"&quot;alac:\">Morana Ala\u010d, University of California, San Diego<\/h2>\n\n\n\n<h3 class=\"wp-block-heading\">\u201cThe Mute Sense and Everyday Work in Olfactory Psychophysics\u201d<\/h3>\n\n\n\n<p>Ala\u010d is associate professor in communication and science studies at UC San Diego. She conducts ethnographic research of scientific laboratories and other settings of technology production and use where she focuses on multimodal and multisensory aspects of ordinary interactional practice.<\/p>\n\n\n\n<h2 class=\"wp-block-heading\" id=\"bertoni\">Filippo Bertoni, Aarhaus University<\/h2>\n\n\n\n<h3 class=\"wp-block-heading\">\u201cPlanetary Senses: Attending to the Sociotechnical Making of Earth\u201d<\/h3>\n\n\n\n<p>Bertoni received his PhD from Amsterdam University. His work\u2014in the Aarhus University Research on the Anthropocene project and in an emergent creative research studio in Amsterdam\u2014focuses on biogeochemical articulations of the planetary, through a research practice that attends to contemporary shifts in sociotechnical assemblages and their historical flows, paying attention to the reciprocal transformations of the context and the content of scientific work.<\/p>\n\n\n\n<h2 class=\"wp-block-heading\" id=\"bonelli\">Cristobal Bonelli<\/h2>\n\n\n\n<h3 class=\"wp-block-heading\">\u201cMaking Sense of Non-sense: Bodies, Absences and Socio-material Memory in Southern Chile\u201d<\/h3>\n\n\n\n<p>Bonelli is a senior researcher working in the intersection of clinical psychology, social anthropology, and science and technology studies. His research interests include healing, seeing and eating practices, as they connect (to) the materiality of the body and its memories. Thanks to a Marie Curie Individual Fellowship hosted by UNESCO-IHE Institute for Water Education, Bonelli\u2019s research concerns how social relations are related to groundwater practices in the Atacama Desert of Northern Chile.<\/p>\n\n\n\n<h2 class=\"wp-block-heading\">Jih-Fei Cheng, Scripps College<\/h2>\n\n\n\n<h3 class=\"wp-block-heading\">\u201cRace, Texture, and Magnification in Twentieth-Century Virology\u201d<\/h3>\n\n\n\n<p>Cheng&#8217;s research examines the intersections between science, technology, media representations, and social movements. He utilizes interdisciplinary feminist and queer of color approaches, including visual, textual, and historical methods, to study activist uses of media to document, mobilize action, and leverage the survival chances of communities made vulnerable to illness through systemized health and economic disparities.<\/p>\n\n\n\n<h2 class=\"wp-block-heading\" id=\"delaet\">Marianne de Laet, Harvey Mudd College<\/h2>\n\n\n\n<h3 class=\"wp-block-heading\">\u201cIn the Absence of Words\u201d<\/h3>\n\n\n\n<p>De Laet directs the Hixon Riggs program for responsive science and engineering. Her work on sensing follows two tracks: an interest in the connections between tasting and knowing, and current fieldwork on (among other things) the presence\/absence of language in living with dogs.<\/p>\n\n\n\n<h2 class=\"wp-block-heading\" id=\"dumit\">Joe Dumit, University of California, Davis<\/h2>\n\n\n\n<h3 class=\"wp-block-heading\"><span class=\"s1\">&#8220;<\/span><span class=\"s2\">Fascia: Goopy, Viscous, Missing&#8221;<\/span><\/h3>\n\n\n\n<p>Dumit is professor of anthropology and the director for the Institute for Social Sciences at UC Davis. He studies how science and medicine change and how the lives of Americans, including consumers, patients, doctors and scientists also change as the nature of facts and evidence change.<\/p>\n\n\n\n<h2 class=\"wp-block-heading\" id=\"hamilton\">Vivien Hamilton, Harvey Mudd College<\/h2>\n\n\n\n<h3 class=\"wp-block-heading\">\u201cInsensible Danger: Radiation Safety in American Hospitals\u201d<\/h3>\n\n\n\n<p>Hamilton is assistant professor of the history of science at Harvey Mudd College. She studies how physics has gained cultural authority as well as scientific expertise during the twentieth century.<\/p>\n\n\n\n<h2 class=\"wp-block-heading\" id=\"martin\">Rebeca Ib\u00e1\u00f1ez Mart\u00edn, University of Amsterdam<\/h2>\n\n\n\n<h3 class=\"wp-block-heading\">\u201cShowing, Seeing, Smelling: Exhibiting Waste Futures\u201d<\/h3>\n\n\n\n<p>Ilb\u00e1\u00f1ez Mart\u00edn is a researcher at the Health, Care and the Body research group in the University of Amsterdam. She is the editor of the book Cuerpos y Diferencias (Plaza y Vald\u00e9s 2012) and author of the manuscript Bad to Eat? Empirical Explorations of Fats as Food (2014). She is studying an experimental nutrient recovery system from wastewater developed at the Netherlands Institute of Ecology.<\/p>\n\n\n\n<h2 class=\"wp-block-heading\" id=\"johnson\">Adam Johnson, Harvey Mudd College<\/h2>\n\n\n\n<h3 class=\"wp-block-heading\">\u201cContamination: The Effect of the 1%\u201d<\/h3>\n\n\n\n<p>Johnson is professor of chemistry at Harvey Mudd Collge. His research focuses on the design and synthesis of amino alcohol ligands with tunable steric and electronic properties in order to develop better organometallic catalysts for interesting organic transformations.<\/p>\n\n\n\n<h2 class=\"wp-block-heading\" id=\"kenner\">Alison Kenner, Drexel University<\/h2>\n\n\n\n<h3 class=\"wp-block-heading\">Workshop\u2013 \u201cBreathtaking Through Time\u201d<\/h3>\n\n\n\n<p>Kenner is assistant professor in the Department of Politics at Drexel University. She specializes in the study of contemporary health practices and how biomedical science and emerging technologies shape the way we understand and care for chronic disease conditions.<\/p>\n\n\n\n<h2 class=\"wp-block-heading\" id=\"lahne\">Jacob Lahne, Drexel University<\/h2>\n\n\n\n<h3 class=\"wp-block-heading\">\u201cMaking Sense: Sensory Valuation as a \u2018Science From Below\u2019\u201d<\/h3>\n\n\n\n<p>Lahne is assistant professor of culinary arts and sciences at Drexel University. He studies sensory perception and food preparation and consumption, with a focus on craft and artisan foods, home cooking and in vivo meals.<\/p>\n\n\n\n<h2 class=\"wp-block-heading\" id=\"mayeri\">Rachel Mayeri, Harvey Mudd College<\/h2>\n\n\n\n<h3 class=\"wp-block-heading\">Workshop\u2014\u201cWalking\u201d<\/h3>\n\n\n\n<p>Mayeri is a professor of media studies at Harvey Mudd where she teaches courses on animals, animated documentary, and the anthropocene. As a Los Angeles-based artist, she makes films for the nonhuman demographic, and video installations about mind-controlling parasites.<\/p>\n\n\n\n<h2 class=\"wp-block-heading\" id=\"nyerges\">Christopher Nyerges<\/h2>\n\n\n\n<p>Nyerges is the author of multiple books, co-founder of the School of Self Reliance, and a renowned expert in foraging.<\/p>\n\n\n\n<h2 class=\"wp-block-heading\" id=\"paxson\">Heather Paxson, MIT<\/h2>\n\n\n\n<h3 class=\"wp-block-heading\">\u201cSensing Food Risk at the Border\u201d<\/h3>\n\n\n\n<p>Paxson is William R. Kenan, Jr. Professor of Anthropology at MIT. She is interested in how people craft a sense of themselves as moral beings through everyday practices, especially those activities having to do with family and food.<\/p>\n\n\n\n<h2 class=\"wp-block-heading\" id=\"perini\">Laura Perini, Pomona College<\/h2>\n\n\n\n<h3 class=\"wp-block-heading\">\u201cVisual Evidence Beyond the Boundaries of Expert Vision\u201d<\/h3>\n\n\n\n<p>Perini is chair of philosophy at Pomona College and coordinator of the Science, Technology, and Society program at The Claremont Colleges. Her research focuses on the types of graphic representations used by scientists to communicate.<\/p>\n\n\n\n<h2 class=\"wp-block-heading\" id=\"schwartzman\">Madeline Schwartzman<\/h2>\n\n\n\n<h3 class=\"wp-block-heading\">&#8220;Parsons: the New School for Design&#8221;<\/h3>\n\n\n\n<p>Schwartzman is a New York City writer, filmmaker and architect whose work explores the human sensorium through social art, book writing, curating and experimental video making. Her book <em>See Yourself Sensing: Redefining Human Perception<\/em> (Black Dog Publishing, London, 2011) collects fifty years of futuristic proposals for the body and the senses, and her forthcoming book, titled <em>See Yourself X: Human Futures Expanded<\/em> (Black Dog, February 2017), explores the future of the human head.<\/p>\n\n\n\n<h2 class=\"wp-block-heading\" id=\"shapiro\">Nicholas Shapiro, Chemical Heritage Foundation<\/h2>\n\n\n\n<h3 class=\"wp-block-heading\">\u201cDecontamination Beyond the Chemical Register\u201d<\/h3>\n\n\n\n<p>Shapiro is a Matter, Materials and Culture Fellow at the Chemical Heritage Foundation and an Open Air Fellow at Public Lab. His research revolves around the complex figure of formaldehyde as a gateway to understanding common and caustic domestic chemical ecologies and the instruments through which such invisible realities are known.<\/p>\n\n\n\n<h2 class=\"wp-block-heading\" id=\"sismondo\">Sergio Sismondo, Queen\u2019s University<\/h2>\n\n\n\n<h3 class=\"wp-block-heading\">\u201cAnd Damn Near Died\u2019: From Sensorial to Statistical Styles of Medical Inquiry\u201d<\/h3>\n\n\n\n<p>Sismondo teaches at Queen\u2019s University, Canada. His research is on the political economy of pharmaceutical knowledge, looking at relations between research and marketing in areas from clinical trials through medical education.<\/p>\n\n\n\n<h2 class=\"wp-block-heading\" id=\"spackman\">Christy Spackman, Harvey Mudd College<\/h2>\n\n\n\n<h3 class=\"wp-block-heading\">\u201cLet\u2019s Measure It: Hacking Gas Chromatography to \u2018Improve\u2019 Taste\u201d<\/h3>\n\n\n\n<p>Spackman is the Hixon-Riggs Early Career Fellow in Science, Technology, and Society at Harvey Mudd College. Her research examines the ways that the design and technological manipulation of sensory experience shape how people use, value and react to the ingestible environment.<\/p>\n\n\n\n<h2 class=\"wp-block-heading\" id=\"traweek\">Sharon Traweek, UCLA<\/h2>\n\n\n\n<h3 class=\"wp-block-heading\">Discussant<\/h3>\n\n\n\n<p>Traweek is associate professor of gender studies and history at UCLA. She is engaged in a multi-national collaboration developing digital archives and collecting oral histories among Japanese national laboratories with a focus on foreign and women scientists.<\/p>\n\n\n\n<h2 class=\"wp-block-heading\" id=\"whitaker\">Dwight Whitaker<\/h2>\n\n\n\n<h3 class=\"wp-block-heading\">\u201cOrange is the New Brown: Using an LCD Display to Experiment With Color Perception\u201d<\/h3>\n\n\n\n<p>Whitaker is associate professor of physics at Pomona College. His early research studied low-temperature physics and quantum fluids, but now Whitaker and his group investigate the biomechanics of seed and spore dispersal by plants. In his teaching on light and optics, Whitaker has also developed a keen interest in visual perception.<\/p>\n\n\n\n<h2 class=\"wp-block-heading\">Emily Yates-Doerr, University of Amsterdam<\/h2>\n\n\n\n<h3 class=\"wp-block-heading\">\u201cVoices of Cortisol: Praxiographing a Concept\u201d<\/h3>\n\n\n\n<p>Yates-Doerr is assistant professor of anthropology at the Amsterdam Institute for Social Science Research, and holds a three-year VENI innovational research grant from the Dutch Science Foundation (NWO) for the project \u201cWhen Global Health Meets Local Development: A Case Study of the \u2018First 1000 Days of Life\u2019 Initiative in Guatemala.\u201d<\/p>\n","protected":false},"excerpt":{"rendered":"<p>See the 2017 Hixon Forum page for schedule and locations of events. Morana Ala\u010d, University of California, San Diego \u201cThe [&hellip;]<\/p>\n","protected":false},"author":1,"featured_media":0,"parent":609,"menu_order":0,"comment_status":"closed","ping_status":"closed","template":"","meta":{"_acf_changed":false,"footnotes":""},"class_list":["post-620","page","type-page","status-publish","hentry"],"acf":[],"_links":{"self":[{"href":"https:\/\/www.hmc.edu\/academics\/wp-json\/wp\/v2\/pages\/620","targetHints":{"allow":["GET"]}}],"collection":[{"href":"https:\/\/www.hmc.edu\/academics\/wp-json\/wp\/v2\/pages"}],"about":[{"href":"https:\/\/www.hmc.edu\/academics\/wp-json\/wp\/v2\/types\/page"}],"author":[{"embeddable":true,"href":"https:\/\/www.hmc.edu\/academics\/wp-json\/wp\/v2\/users\/1"}],"replies":[{"embeddable":true,"href":"https:\/\/www.hmc.edu\/academics\/wp-json\/wp\/v2\/comments?post=620"}],"version-history":[{"count":0,"href":"https:\/\/www.hmc.edu\/academics\/wp-json\/wp\/v2\/pages\/620\/revisions"}],"up":[{"embeddable":true,"href":"https:\/\/www.hmc.edu\/academics\/wp-json\/wp\/v2\/pages\/609"}],"wp:attachment":[{"href":"https:\/\/www.hmc.edu\/academics\/wp-json\/wp\/v2\/media?parent=620"}],"curies":[{"name":"wp","href":"https:\/\/api.w.org\/{rel}","templated":true}]}}